{"id":45,"date":"2021-12-25T18:31:52","date_gmt":"2021-12-25T18:31:52","guid":{"rendered":"http:\/\/se-holding.ch\/?page_id=45"},"modified":"2025-10-23T11:39:36","modified_gmt":"2025-10-23T11:39:36","slug":"se-holding-ag","status":"publish","type":"page","link":"https:\/\/www.se-holding.ch\/","title":{"rendered":"S&#038;E Holding AG"},"content":{"rendered":"<div class=\"wp-block-image\">\n<figure class=\"alignleft size-full\"><img loading=\"lazy\" decoding=\"async\" width=\"334\" height=\"136\" src=\"https:\/\/www.se-holding.ch\/wp-content\/uploads\/2025\/09\/333x136px_SE_Holding.png\" alt=\"\" class=\"wp-image-2273\" srcset=\"https:\/\/www.se-holding.ch\/wp-content\/uploads\/2025\/09\/333x136px_SE_Holding.png 334w, https:\/\/www.se-holding.ch\/wp-content\/uploads\/2025\/09\/333x136px_SE_Holding-300x122.png 300w\" sizes=\"auto, (max-width: 334px) 100vw, 334px\" \/><\/figure>\n<\/div>\n\n\n<p><\/p>\n\n\n\n<p><\/p>\n\n\n\n<hr class=\"wp-block-separator has-alpha-channel-opacity\"\/>\n\n\n\n<p><strong>S&amp;E Holding AG<\/strong><br>Feldackerstrasse 2<br>CH-5040 Sch\u00f6ftland\/AG<br><br>und<\/p>\n\n\n\n<p><strong>S&amp;E Holding AG<\/strong><br>Haus des Sports<br>Talgut-Zentrum 27<br>CH-3603 Ittigen b. Bern<br><br>Tel. +41 62 723 05 05<br>Mobile: +41 79 645 05 05<br>Email: <a href=\"mailto:info@trophies.ch\" data-type=\"mailto\" data-id=\"mailto:info@trophies.ch\" target=\"_blank\" rel=\"noreferrer noopener\">info@se-holding.ch<\/a><br>Internet: <a href=\"http:\/\/www.se-holding.ch\" data-type=\"URL\" data-id=\"http:\/\/www.se-holding.ch\" target=\"_blank\" rel=\"noreferrer noopener\">www.se-holding.ch<\/a><br>Handelsregister: <a href=\"https:\/\/ag.chregister.ch\/cr-portal\/auszug\/auszug.xhtml?uid=CHE-246.388.112\" data-type=\"URL\" data-id=\"https:\/\/ag.chregister.ch\/cr-portal\/auszug\/auszug.xhtml?uid=CHE-246.388.112\" target=\"_blank\" rel=\"noreferrer noopener\">HR-Register Aargau<\/a><\/p>\n\n\n\n<p><strong>Tochtergesellschaften<\/strong><br>&#8211; <a href=\"http:\/\/www.trophies.ch\" data-type=\"link\" data-id=\"www.trophies.ch\" target=\"_blank\" rel=\"noreferrer noopener\">S&amp;E (Schweiz) GmbH<\/a><br>&#8211; <a href=\"http:\/\/www.fortuna-gravuren.ch\" data-type=\"link\" data-id=\"www.fortuna-gravuren.ch\" target=\"_blank\" rel=\"noreferrer noopener\">S&amp;E Fortuna Gravuren AG<\/a><br>&#8211; <a href=\"http:\/\/www.somex.ch\" data-type=\"link\" data-id=\"www.somex.ch\" target=\"_blank\" rel=\"noreferrer noopener\">S&amp;E Somex SA<\/a><\/p>\n\n\n\n<p><strong>S&amp;E<\/strong>\u00a0steht f\u00fcr\u00a0<strong>S<\/strong>port-\u00a0<strong>&amp;<\/strong>\u00a0<strong>E<\/strong>hrenpreise.<br>Weitere Informationen zu den Tochtergesellschaften: siehe Men\u00fcliste<\/p>\n\n\n\n<p><strong>Gesellschaftszweck der S&amp;E Holding AG<\/strong><br>Die Gesellschaft bezweckt die Beteiligung an anderen Unternehmungen im In- und Ausland; <br>sie kann Zweigniederlassungen errichten, Grundst\u00fccke erwerben und ver\u00e4ussern sowie Finanzierungen aller Art t\u00e4tigen.<\/p>\n\n\n\n<p><\/p>\n","protected":false},"excerpt":{"rendered":"<p>S&amp;E Holding AGFeldackerstrasse 2CH-5040 Sch\u00f6ftland\/AG und S&amp;E Holding AGHaus des SportsTalgut-Zentrum 27CH-3603 Ittigen b. Bern Tel. +41 62 723 05 05Mobile: +41 79 645 05 05Email: info@se-holding.chInternet: www.se-holding.chHandelsregister: HR-Register Aargau Tochtergesellschaften&#8211; S&amp;E (Schweiz) GmbH&#8211; S&amp;E Fortuna Gravuren AG&#8211; S&amp;E Somex SA S&amp;E\u00a0steht f\u00fcr\u00a0Sport-\u00a0&amp;\u00a0Ehrenpreise.Weitere Informationen zu den Tochtergesellschaften: siehe Men\u00fcliste Gesellschaftszweck der S&amp;E Holding AGDie Gesellschaft&hellip; <a class=\"more-link\" href=\"https:\/\/www.se-holding.ch\/\"><span class=\"screen-reader-text\">S&#038;E Holding AG<\/span> weiterlesen<\/a><\/p>\n","protected":false},"author":1,"featured_media":0,"parent":0,"menu_order":1,"comment_status":"closed","ping_status":"closed","template":"","meta":{"footnotes":""},"class_list":["post-45","page","type-page","status-publish","hentry","entry"],"_links":{"self":[{"href":"https:\/\/www.se-holding.ch\/index.php?rest_route=\/wp\/v2\/pages\/45","targetHints":{"allow":["GET"]}}],"collection":[{"href":"https:\/\/www.se-holding.ch\/index.php?rest_route=\/wp\/v2\/pages"}],"about":[{"href":"https:\/\/www.se-holding.ch\/index.php?rest_route=\/wp\/v2\/types\/page"}],"author":[{"embeddable":true,"href":"https:\/\/www.se-holding.ch\/index.php?rest_route=\/wp\/v2\/users\/1"}],"replies":[{"embeddable":true,"href":"https:\/\/www.se-holding.ch\/index.php?rest_route=%2Fwp%2Fv2%2Fcomments&post=45"}],"version-history":[{"count":31,"href":"https:\/\/www.se-holding.ch\/index.php?rest_route=\/wp\/v2\/pages\/45\/revisions"}],"predecessor-version":[{"id":2351,"href":"https:\/\/www.se-holding.ch\/index.php?rest_route=\/wp\/v2\/pages\/45\/revisions\/2351"}],"wp:attachment":[{"href":"https:\/\/www.se-holding.ch\/index.php?rest_route=%2Fwp%2Fv2%2Fmedia&parent=45"}],"curies":[{"name":"wp","href":"https:\/\/api.w.org\/{rel}","templated":true}]}}